{"id":5124,"date":"2020-02-18T17:25:33","date_gmt":"2020-02-18T16:25:33","guid":{"rendered":"https:\/\/originiafoods.com\/sostenibilidad\/"},"modified":"2022-11-23T10:28:54","modified_gmt":"2022-11-23T09:28:54","slug":"durabilite","status":"publish","type":"page","link":"https:\/\/originiafoods.com\/fr\/durabilite\/","title":{"rendered":"Durabilit\u00e9"},"content":{"rendered":"\t\t<div data-elementor-type=\"wp-page\" data-elementor-id=\"5124\" class=\"elementor elementor-5124 elementor-25\" data-elementor-post-type=\"page\">\n\t\t\t\t\t\t<section data-dce-background-color=\"#E7EBEB\" class=\"elementor-section elementor-top-section elementor-element elementor-element-06563ac cabecera-tipo elementor-section-boxed elementor-section-height-default elementor-section-height-default\" data-id=\"06563ac\" data-element_type=\"section\" data-e-type=\"section\" data-settings=\"{&quot;background_background&quot;:&quot;classic&quot;,&quot;animation&quot;:&quot;none&quot;,&quot;animation_delay&quot;:500}\">\n\t\t\t\t\t\t<div class=\"elementor-container elementor-column-gap-default\">\n\t\t\t\t\t<div class=\"elementor-column elementor-col-100 elementor-top-column elementor-element elementor-element-adebaee\" data-id=\"adebaee\" data-element_type=\"column\" data-e-type=\"column\">\n\t\t\t<div class=\"elementor-widget-wrap elementor-element-populated\">\n\t\t\t\t\t\t<div data-dce-title-color=\"#697B80\" class=\"elementor-element elementor-element-02cc233 intro elementor-widget elementor-widget-heading\" data-id=\"02cc233\" data-element_type=\"widget\" data-e-type=\"widget\" data-widget_type=\"heading.default\">\n\t\t\t\t<div class=\"elementor-widget-container\">\n\t\t\t\t\t<p class=\"elementor-heading-title elementor-size-default\">\u00c0 propos de nous<\/p>\t\t\t\t<\/div>\n\t\t\t\t<\/div>\n\t\t\t\t<div class=\"elementor-element elementor-element-cb25fd5 img dce_masking-none elementor-widget elementor-widget-image\" data-id=\"cb25fd5\" data-element_type=\"widget\" data-e-type=\"widget\" data-settings=\"{&quot;_animation&quot;:&quot;none&quot;,&quot;_animation_delay&quot;:500}\" data-widget_type=\"image.default\">\n\t\t\t\t<div class=\"elementor-widget-container\">\n\t\t\t\t\t\t\t\t\t\t\t\t\t\t\t<img decoding=\"async\" src=\"https:\/\/originiafoods.com\/wp-content\/uploads\/2020\/03\/sostenibilidad-1.svg\" title=\"durabilite\" alt=\"Sostenibilidad logos\" loading=\"lazy\" \/>\t\t\t\t\t\t\t\t\t\t\t\t\t\t\t<\/div>\n\t\t\t\t<\/div>\n\t\t\t\t\t<\/div>\n\t\t<\/div>\n\t\t\t\t\t<\/div>\n\t\t<\/section>\n\t\t\t\t<section class=\"elementor-section elementor-top-section elementor-element elementor-element-b337b03 corporativo-2column elementor-section-boxed elementor-section-height-default elementor-section-height-default\" data-id=\"b337b03\" data-element_type=\"section\" data-e-type=\"section\" data-settings=\"{&quot;animation&quot;:&quot;none&quot;}\">\n\t\t\t\t\t\t<div class=\"elementor-container elementor-column-gap-wider\">\n\t\t\t\t\t<div class=\"elementor-column elementor-col-50 elementor-top-column elementor-element elementor-element-8bc4fcb\" data-id=\"8bc4fcb\" data-element_type=\"column\" data-e-type=\"column\">\n\t\t\t<div class=\"elementor-widget-wrap elementor-element-populated\">\n\t\t\t\t\t\t<div class=\"elementor-element elementor-element-88ea376 dce_masking-none elementor-widget elementor-widget-image\" data-id=\"88ea376\" data-element_type=\"widget\" data-e-type=\"widget\" data-widget_type=\"image.default\">\n\t\t\t\t<div class=\"elementor-widget-container\">\n\t\t\t\t\t\t\t\t\t\t\t\t\t\t\t<img fetchpriority=\"high\" decoding=\"async\" width=\"768\" height=\"544\" src=\"https:\/\/originiafoods.com\/wp-content\/uploads\/2020\/04\/origen-sostenibilidad-3-768x544.jpg\" class=\"attachment-medium_large size-medium_large wp-image-3131\" alt=\"Desarrollo sostenible - Origina Foods\" srcset=\"https:\/\/originiafoods.com\/wp-content\/uploads\/2020\/04\/origen-sostenibilidad-3-768x544.jpg 768w, https:\/\/originiafoods.com\/wp-content\/uploads\/2020\/04\/origen-sostenibilidad-3-300x213.jpg 300w, https:\/\/originiafoods.com\/wp-content\/uploads\/2020\/04\/origen-sostenibilidad-3.jpg 900w\" sizes=\"(max-width: 768px) 100vw, 768px\" \/>\t\t\t\t\t\t\t\t\t\t\t\t\t\t\t<\/div>\n\t\t\t\t<\/div>\n\t\t\t\t\t<\/div>\n\t\t<\/div>\n\t\t\t\t<div class=\"elementor-column elementor-col-50 elementor-top-column elementor-element elementor-element-3736646\" data-id=\"3736646\" data-element_type=\"column\" data-e-type=\"column\">\n\t\t\t<div class=\"elementor-widget-wrap elementor-element-populated\">\n\t\t\t\t\t\t<div data-dce-title-color=\"#88CE3E\" class=\"elementor-element elementor-element-c06f9c5 elementor-widget elementor-widget-heading\" data-id=\"c06f9c5\" data-element_type=\"widget\" data-e-type=\"widget\" data-widget_type=\"heading.default\">\n\t\t\t\t<div class=\"elementor-widget-container\">\n\t\t\t\t\t<h2 class=\"elementor-heading-title elementor-size-default\">Nous faisons partie du changement.<\/h2>\t\t\t\t<\/div>\n\t\t\t\t<\/div>\n\t\t\t\t<div class=\"elementor-element elementor-element-053d49d titulos elementor-widget elementor-widget-text-editor\" data-id=\"053d49d\" data-element_type=\"widget\" data-e-type=\"widget\" data-widget_type=\"text-editor.default\">\n\t\t\t\t<div class=\"elementor-widget-container\">\n\t\t\t\t\t\t\t\t\t<p>\u00c0 Originia Foods, nous faisons partie du changement que nous voulons mettre \u0153uvre et nous avons, \u00e0 cette fin, un engagement ferme pour la pr\u00e9servation de l\u2019environnement. Au fil des ann\u00e9es, nous avons investi en technologies qui nous ont permis de r\u00e9duire l\u2019impact environnemental de nos cinq usines. Cette ambition est commune \u00e0 l\u2019ensemble du groupe, ainsi 60% de l\u2019\u00e9nergie consomm\u00e9e par le Groupe SAMCA est autog\u00e9n\u00e9r\u00e9e et renouvelable. A ce jour, le Bilan Global CO2 du Groupe SAMCA est n\u00e9gatif \u00e0 -113,519 t. CO2.<\/p>\n\t\t\t\t\t\t\t\t<\/div>\n\t\t\t\t<\/div>\n\t\t\t\t\t<\/div>\n\t\t<\/div>\n\t\t\t\t\t<\/div>\n\t\t<\/section>\n\t\t\t\t<section data-dce-background-color=\"#F4F4F4\" class=\"elementor-section elementor-top-section elementor-element elementor-element-9cef62b elementor-section-boxed elementor-section-height-default elementor-section-height-default elementor-invisible\" data-id=\"9cef62b\" data-element_type=\"section\" data-e-type=\"section\" data-settings=\"{&quot;animation&quot;:&quot;fadeIn&quot;,&quot;background_background&quot;:&quot;classic&quot;}\">\n\t\t\t\t\t\t<div class=\"elementor-container elementor-column-gap-default\">\n\t\t\t\t\t<div class=\"elementor-column elementor-col-100 elementor-top-column elementor-element elementor-element-cb94d99\" data-id=\"cb94d99\" data-element_type=\"column\" data-e-type=\"column\">\n\t\t\t<div class=\"elementor-widget-wrap elementor-element-populated\">\n\t\t\t\t\t\t<section class=\"elementor-section elementor-inner-section elementor-element elementor-element-30af6a6 bloque-introduccion elementor-section-boxed elementor-section-height-default elementor-section-height-default\" data-id=\"30af6a6\" data-element_type=\"section\" data-e-type=\"section\">\n\t\t\t\t\t\t<div class=\"elementor-container elementor-column-gap-default\">\n\t\t\t\t\t<div class=\"elementor-column elementor-col-100 elementor-inner-column elementor-element elementor-element-ccd8752\" data-id=\"ccd8752\" data-element_type=\"column\" data-e-type=\"column\">\n\t\t\t<div class=\"elementor-widget-wrap elementor-element-populated\">\n\t\t\t\t\t\t<div class=\"elementor-element elementor-element-a48f2a0 elementor-widget elementor-widget-heading\" data-id=\"a48f2a0\" data-element_type=\"widget\" data-e-type=\"widget\" data-widget_type=\"heading.default\">\n\t\t\t\t<div class=\"elementor-widget-container\">\n\t\t\t\t\t<h2 class=\"elementor-heading-title elementor-size-default\">Int\u00e9gration circulaire.<\/h2>\t\t\t\t<\/div>\n\t\t\t\t<\/div>\n\t\t\t\t<div class=\"elementor-element elementor-element-219802c titulos elementor-widget elementor-widget-text-editor\" data-id=\"219802c\" data-element_type=\"widget\" data-e-type=\"widget\" data-widget_type=\"text-editor.default\">\n\t\t\t\t<div class=\"elementor-widget-container\">\n\t\t\t\t\t\t\t\t\t<p>Au travers de l\u2019int\u00e9gration circulaire de notre activit\u00e9, nous avons pu am\u00e9liorer la gestion des d\u00e9chets en les valorisant comme sous-produits de l\u2019alimentation animale, en compostage pour engrais agricole et en biocombustibles.<\/p>\n\t\t\t\t\t\t\t\t<\/div>\n\t\t\t\t<\/div>\n\t\t\t\t\t<\/div>\n\t\t<\/div>\n\t\t\t\t\t<\/div>\n\t\t<\/section>\n\t\t\t\t<div class=\"elementor-element elementor-element-1d00789 dce_masking-none elementor-invisible elementor-widget elementor-widget-image\" data-id=\"1d00789\" data-element_type=\"widget\" data-e-type=\"widget\" data-settings=\"{&quot;_animation&quot;:&quot;fadeIn&quot;}\" data-widget_type=\"image.default\">\n\t\t\t\t<div class=\"elementor-widget-container\">\n\t\t\t\t\t\t\t\t\t\t\t\t\t\t\t<img decoding=\"async\" width=\"1442\" height=\"1442\" src=\"https:\/\/originiafoods.com\/wp-content\/uploads\/2020\/06\/fr-economia-circular.svg\" class=\"attachment-full size-full wp-image-5938\" alt=\"Esquema de econom\u00eda circular\" loading=\"lazy\" \/>\t\t\t\t\t\t\t\t\t\t\t\t\t\t\t<\/div>\n\t\t\t\t<\/div>\n\t\t\t\t\t<\/div>\n\t\t<\/div>\n\t\t\t\t\t<\/div>\n\t\t<\/section>\n\t\t\t\t<section class=\"elementor-section elementor-top-section elementor-element elementor-element-d769a56 corporativo-2column elementor-section-boxed elementor-section-height-default elementor-section-height-default elementor-invisible\" data-id=\"d769a56\" data-element_type=\"section\" data-e-type=\"section\" data-settings=\"{&quot;animation&quot;:&quot;fadeIn&quot;}\">\n\t\t\t\t\t\t<div class=\"elementor-container elementor-column-gap-wider\">\n\t\t\t\t\t<div class=\"elementor-column elementor-col-50 elementor-top-column elementor-element elementor-element-d3e4565\" data-id=\"d3e4565\" data-element_type=\"column\" data-e-type=\"column\">\n\t\t\t<div class=\"elementor-widget-wrap elementor-element-populated\">\n\t\t\t\t\t\t<div class=\"elementor-element elementor-element-6179a6c dce_masking-none elementor-widget elementor-widget-image\" data-id=\"6179a6c\" data-element_type=\"widget\" data-e-type=\"widget\" data-widget_type=\"image.default\">\n\t\t\t\t<div class=\"elementor-widget-container\">\n\t\t\t\t\t\t\t\t\t\t\t\t\t\t\t<img decoding=\"async\" width=\"768\" height=\"544\" src=\"https:\/\/originiafoods.com\/wp-content\/uploads\/2020\/04\/origen-sostenibilidad-1b-768x544.jpg\" class=\"attachment-medium_large size-medium_large wp-image-1284\" alt=\"Objetivos de sostenibilidad - Origina Foods\" srcset=\"https:\/\/originiafoods.com\/wp-content\/uploads\/2020\/04\/origen-sostenibilidad-1b-768x544.jpg 768w, https:\/\/originiafoods.com\/wp-content\/uploads\/2020\/04\/origen-sostenibilidad-1b-300x213.jpg 300w, https:\/\/originiafoods.com\/wp-content\/uploads\/2020\/04\/origen-sostenibilidad-1b.jpg 900w\" sizes=\"(max-width: 768px) 100vw, 768px\" loading=\"lazy\" \/>\t\t\t\t\t\t\t\t\t\t\t\t\t\t\t<\/div>\n\t\t\t\t<\/div>\n\t\t\t\t\t<\/div>\n\t\t<\/div>\n\t\t\t\t<div class=\"elementor-column elementor-col-50 elementor-top-column elementor-element elementor-element-7274538\" data-id=\"7274538\" data-element_type=\"column\" data-e-type=\"column\">\n\t\t\t<div class=\"elementor-widget-wrap elementor-element-populated\">\n\t\t\t\t\t\t<div class=\"elementor-element elementor-element-abd66f7 elementor-widget elementor-widget-heading\" data-id=\"abd66f7\" data-element_type=\"widget\" data-e-type=\"widget\" data-widget_type=\"heading.default\">\n\t\t\t\t<div class=\"elementor-widget-container\">\n\t\t\t\t\t<h2 class=\"elementor-heading-title elementor-size-default\"> Objectifs de durabilit\u00e9.<\/h2>\t\t\t\t<\/div>\n\t\t\t\t<\/div>\n\t\t\t\t<div class=\"elementor-element elementor-element-aa7476e titulos elementor-widget elementor-widget-text-editor\" data-id=\"aa7476e\" data-element_type=\"widget\" data-e-type=\"widget\" data-widget_type=\"text-editor.default\">\n\t\t\t\t<div class=\"elementor-widget-container\">\n\t\t\t\t\t\t\t\t\t<p>Parmi nos objectifs \u00e0 moyen et long terme, figurent la r\u00e9duction de l\u2019impact environnemental par la quantification, le suivi et la prise de mesures en mati\u00e8re de<\/p>\n<ol>\n<li>\u00c9puration des Eaux Us\u00e9es.<\/li>\n<li>Emissions \u00e0 l\u2019atmosph\u00e8re et empreinte de carbone. 79% de nos produits sont Km 0.<\/li>\n<li>Consommations d\u2019\u00e9nergie, eau et produits chimiques.<\/li>\n<li>R\u00e9duction des d\u00e9chets : vers le principe de D\u00e9chet Z\u00e9ro.<\/li>\n<\/ol>\n\t\t\t\t\t\t\t\t<\/div>\n\t\t\t\t<\/div>\n\t\t\t\t\t<\/div>\n\t\t<\/div>\n\t\t\t\t\t<\/div>\n\t\t<\/section>\n\t\t\t\t<section class=\"elementor-section elementor-top-section elementor-element elementor-element-75c2b7e corporativo-2column elementor-reverse-mobile elementor-section-boxed elementor-section-height-default elementor-section-height-default elementor-invisible\" data-id=\"75c2b7e\" data-element_type=\"section\" data-e-type=\"section\" data-settings=\"{&quot;animation&quot;:&quot;fadeIn&quot;}\">\n\t\t\t\t\t\t<div class=\"elementor-container elementor-column-gap-wider\">\n\t\t\t\t\t<div class=\"elementor-column elementor-col-50 elementor-top-column elementor-element elementor-element-e1e9357\" data-id=\"e1e9357\" data-element_type=\"column\" data-e-type=\"column\">\n\t\t\t<div class=\"elementor-widget-wrap elementor-element-populated\">\n\t\t\t\t\t\t<div class=\"elementor-element elementor-element-239a865 elementor-widget elementor-widget-heading\" data-id=\"239a865\" data-element_type=\"widget\" data-e-type=\"widget\" data-widget_type=\"heading.default\">\n\t\t\t\t<div class=\"elementor-widget-container\">\n\t\t\t\t\t<h2 class=\"elementor-heading-title elementor-size-default\">D\u00e9veloppement durable.<\/h2>\t\t\t\t<\/div>\n\t\t\t\t<\/div>\n\t\t\t\t<div class=\"elementor-element elementor-element-c5169ee titulos elementor-widget elementor-widget-text-editor\" data-id=\"c5169ee\" data-element_type=\"widget\" data-e-type=\"widget\" data-widget_type=\"text-editor.default\">\n\t\t\t\t<div class=\"elementor-widget-container\">\n\t\t\t\t\t\t\t\t\t<p>Au sein du Groupe SAMCA se trouvent des entreprises dont l\u2019activit\u00e9 favorise un d\u00e9veloppement durable et qui nous aident \u00e0 r\u00e9duire de fa\u00e7on directe notre empreinte carbone sur l\u2019environnement.<\/p>\n<ul>\n<li>Pour am\u00e9liorer l\u2019emballage de nos produits et r\u00e9duire leur impact, nous comptons sur la collaboration, \u00e0 la conception et l\u2019utilisation, de nos usines de polym\u00e8res plastiques, sp\u00e9cialis\u00e9es dans les emballages biod\u00e9gradables et recyclables.<\/li>\n<li>Nos usines agrochimiques collaborent au compostage des d\u00e9chets.<\/li>\n<li>Nos usines d\u2019\u00e9nergie renouvelable \u00e9olienne et solaire (photovolta\u00efque et thermo\u00e9lectrique) contribuent \u00e0 l\u2019obtention d\u2019une \u00e9nergie propre pour l\u2019exercice de nos activit\u00e9s.<\/li>\n<\/ul>\n\t\t\t\t\t\t\t\t<\/div>\n\t\t\t\t<\/div>\n\t\t\t\t\t<\/div>\n\t\t<\/div>\n\t\t\t\t<div class=\"elementor-column elementor-col-50 elementor-top-column elementor-element elementor-element-28c0b18\" data-id=\"28c0b18\" data-element_type=\"column\" data-e-type=\"column\">\n\t\t\t<div class=\"elementor-widget-wrap elementor-element-populated\">\n\t\t\t\t\t\t<div class=\"elementor-element elementor-element-d56b796 dce_masking-none elementor-widget elementor-widget-image\" data-id=\"d56b796\" data-element_type=\"widget\" data-e-type=\"widget\" data-widget_type=\"image.default\">\n\t\t\t\t<div class=\"elementor-widget-container\">\n\t\t\t\t\t\t\t\t\t\t\t\t\t\t\t<img loading=\"lazy\" decoding=\"async\" width=\"768\" height=\"544\" src=\"https:\/\/originiafoods.com\/wp-content\/uploads\/2020\/04\/origen-sostenibilidad-2-1-768x544.jpg\" class=\"attachment-medium_large size-medium_large wp-image-1287\" alt=\"Somos parte del cambio - Origina Foods\" srcset=\"https:\/\/originiafoods.com\/wp-content\/uploads\/2020\/04\/origen-sostenibilidad-2-1-768x544.jpg 768w, https:\/\/originiafoods.com\/wp-content\/uploads\/2020\/04\/origen-sostenibilidad-2-1-300x213.jpg 300w, https:\/\/originiafoods.com\/wp-content\/uploads\/2020\/04\/origen-sostenibilidad-2-1.jpg 900w\" sizes=\"(max-width: 768px) 100vw, 768px\" \/>\t\t\t\t\t\t\t\t\t\t\t\t\t\t\t<\/div>\n\t\t\t\t<\/div>\n\t\t\t\t\t<\/div>\n\t\t<\/div>\n\t\t\t\t\t<\/div>\n\t\t<\/section>\n\t\t\t\t<\/div>\n\t\t","protected":false},"excerpt":{"rendered":"<p>\u00c0 propos de nous Nous faisons partie du changement. \u00c0 Originia Foods, nous faisons partie du changement que nous voulons mettre \u0153uvre et nous avons, \u00e0 cette fin, un engagement ferme pour la pr\u00e9servation de l\u2019environnement. Au fil des ann\u00e9es, nous avons investi en technologies qui nous ont permis de r\u00e9duire l\u2019impact environnemental de nos [&hellip;]<\/p>\n","protected":false},"author":2,"featured_media":0,"parent":0,"menu_order":0,"comment_status":"closed","ping_status":"closed","template":"","meta":{"_acf_changed":false,"footnotes":""},"class_list":["post-5124","page","type-page","status-publish","hentry"],"acf":[],"_links":{"self":[{"href":"https:\/\/originiafoods.com\/fr\/wp-json\/wp\/v2\/pages\/5124","targetHints":{"allow":["GET"]}}],"collection":[{"href":"https:\/\/originiafoods.com\/fr\/wp-json\/wp\/v2\/pages"}],"about":[{"href":"https:\/\/originiafoods.com\/fr\/wp-json\/wp\/v2\/types\/page"}],"author":[{"embeddable":true,"href":"https:\/\/originiafoods.com\/fr\/wp-json\/wp\/v2\/users\/2"}],"replies":[{"embeddable":true,"href":"https:\/\/originiafoods.com\/fr\/wp-json\/wp\/v2\/comments?post=5124"}],"version-history":[{"count":0,"href":"https:\/\/originiafoods.com\/fr\/wp-json\/wp\/v2\/pages\/5124\/revisions"}],"wp:attachment":[{"href":"https:\/\/originiafoods.com\/fr\/wp-json\/wp\/v2\/media?parent=5124"}],"curies":[{"name":"wp","href":"https:\/\/api.w.org\/{rel}","templated":true}]}}