{"id":5126,"date":"2020-02-18T17:13:34","date_gmt":"2020-02-18T16:13:34","guid":{"rendered":"https:\/\/originiafoods.com\/plantas\/"},"modified":"2025-07-15T20:29:06","modified_gmt":"2025-07-15T19:29:06","slug":"usines","status":"publish","type":"page","link":"https:\/\/originiafoods.com\/fr\/usines\/","title":{"rendered":"Usines"},"content":{"rendered":"\t\t<div data-elementor-type=\"wp-page\" data-elementor-id=\"5126\" class=\"elementor elementor-5126 elementor-14\" data-elementor-post-type=\"page\">\n\t\t\t\t\t\t<section data-dce-background-color=\"#E7EBEB\" class=\"elementor-section elementor-top-section elementor-element elementor-element-6b83136 cabecera-tipo elementor-section-boxed elementor-section-height-default elementor-section-height-default\" data-id=\"6b83136\" data-element_type=\"section\" data-e-type=\"section\" data-settings=\"{&quot;background_background&quot;:&quot;classic&quot;,&quot;animation&quot;:&quot;none&quot;,&quot;animation_delay&quot;:500}\">\n\t\t\t\t\t\t<div class=\"elementor-container elementor-column-gap-default\">\n\t\t\t\t\t<div class=\"elementor-column elementor-col-100 elementor-top-column elementor-element elementor-element-8295802\" data-id=\"8295802\" data-element_type=\"column\" data-e-type=\"column\">\n\t\t\t<div class=\"elementor-widget-wrap elementor-element-populated\">\n\t\t\t\t\t\t<div data-dce-title-color=\"#697B80\" class=\"elementor-element elementor-element-cd07fb0 intro elementor-widget elementor-widget-heading\" data-id=\"cd07fb0\" data-element_type=\"widget\" data-e-type=\"widget\" data-widget_type=\"heading.default\">\n\t\t\t\t<div class=\"elementor-widget-container\">\n\t\t\t\t\t<p class=\"elementor-heading-title elementor-size-default\">Sobre nosotros<\/p>\t\t\t\t<\/div>\n\t\t\t\t<\/div>\n\t\t\t\t<div class=\"elementor-element elementor-element-4109436 img dce_masking-none elementor-widget elementor-widget-image\" data-id=\"4109436\" data-element_type=\"widget\" data-e-type=\"widget\" data-settings=\"{&quot;_animation&quot;:&quot;none&quot;,&quot;_animation_delay&quot;:500}\" data-widget_type=\"image.default\">\n\t\t\t\t<div class=\"elementor-widget-container\">\n\t\t\t\t\t\t\t\t\t\t\t\t\t\t\t<img decoding=\"async\" src=\"https:\/\/originiafoods.com\/wp-content\/uploads\/2020\/03\/nuestras-plantas-1.svg\" title=\"nuestras-plantas\" alt=\"Logos de plantas Originia Foods\" loading=\"lazy\" \/>\t\t\t\t\t\t\t\t\t\t\t\t\t\t\t<\/div>\n\t\t\t\t<\/div>\n\t\t\t\t\t<\/div>\n\t\t<\/div>\n\t\t\t\t\t<\/div>\n\t\t<\/section>\n\t\t\t\t<section class=\"elementor-section elementor-top-section elementor-element elementor-element-8c08406 elementor-section-full_width elementor-section-height-min-height elementor-section-height-default elementor-section-items-middle\" data-id=\"8c08406\" data-element_type=\"section\" data-e-type=\"section\" data-settings=\"{&quot;sticky&quot;:&quot;top&quot;,&quot;sticky_offset&quot;:85,&quot;animation&quot;:&quot;none&quot;,&quot;animation_delay&quot;:500,&quot;sticky_on&quot;:[&quot;desktop&quot;,&quot;tablet&quot;,&quot;mobile&quot;],&quot;sticky_effects_offset&quot;:0,&quot;sticky_anchor_link_offset&quot;:0}\">\n\t\t\t\t\t\t<div class=\"elementor-container elementor-column-gap-no\">\n\t\t\t\t\t<div class=\"elementor-column elementor-col-100 elementor-top-column elementor-element elementor-element-c696644\" data-id=\"c696644\" data-element_type=\"column\" data-e-type=\"column\">\n\t\t\t<div class=\"elementor-widget-wrap elementor-element-populated\">\n\t\t\t\t\t\t<div class=\"elementor-element elementor-element-a3a94dd elementor-widget elementor-widget-shortcode\" data-id=\"a3a94dd\" data-element_type=\"widget\" data-e-type=\"widget\" data-widget_type=\"shortcode.default\">\n\t\t\t\t<div class=\"elementor-widget-container\">\n\t\t\t\t\t\t\t<div class=\"elementor-shortcode\">\t\t<div data-elementor-type=\"section\" data-elementor-id=\"452\" class=\"elementor elementor-452\" data-elementor-post-type=\"elementor_library\">\n\t\t\t\t\t<nav class=\"elementor-section elementor-top-section elementor-element elementor-element-f3f242e elementor-section-height-min-height elementor-section-content-middle elementor-section-boxed elementor-section-height-default elementor-section-items-middle\" data-id=\"f3f242e\" data-element_type=\"section\" data-e-type=\"section\" data-settings=\"{&quot;background_background&quot;:&quot;classic&quot;}\">\n\t\t\t\t\t\t<div class=\"elementor-container elementor-column-gap-no\">\n\t\t\t\t\t<div class=\"elementor-column elementor-col-100 elementor-top-column elementor-element elementor-element-1325e65\" data-id=\"1325e65\" data-element_type=\"column\" data-e-type=\"column\">\n\t\t\t<div class=\"elementor-widget-wrap elementor-element-populated\">\n\t\t\t\t\t\t<div class=\"elementor-element elementor-element-efa7441 elementor-nav-menu__align-center elementor-nav-menu--stretch elementor-nav-menu--dropdown-tablet elementor-nav-menu__text-align-aside elementor-nav-menu--toggle elementor-nav-menu--burger elementor-widget elementor-widget-nav-menu\" data-id=\"efa7441\" data-element_type=\"widget\" data-e-type=\"widget\" data-settings=\"{&quot;submenu_icon&quot;:{&quot;value&quot;:&quot;&lt;i aria-hidden=\\&quot;true\\&quot; class=\\&quot;\\&quot;&gt;&lt;\\\/i&gt;&quot;,&quot;library&quot;:&quot;&quot;},&quot;full_width&quot;:&quot;stretch&quot;,&quot;layout&quot;:&quot;horizontal&quot;,&quot;toggle&quot;:&quot;burger&quot;}\" data-widget_type=\"nav-menu.default\">\n\t\t\t\t<div class=\"elementor-widget-container\">\n\t\t\t\t\t\t\t\t<nav aria-label=\"Menu\" class=\"elementor-nav-menu--main elementor-nav-menu__container elementor-nav-menu--layout-horizontal e--pointer-underline e--animation-fade\">\n\t\t\t\t<ul id=\"menu-1-efa7441\" class=\"elementor-nav-menu\"><li class=\"menu-item menu-item-type-post_type menu-item-object-page menu-item-134374\"><a href=\"https:\/\/originiafoods.com\/fr\/usines\/saar\/\" class=\"elementor-item\">Saar<\/a><\/li>\n<li class=\"menu-item menu-item-type-post_type menu-item-object-page menu-item-134460\"><a href=\"https:\/\/originiafoods.com\/fr\/usines\/infrusesa\/\" class=\"elementor-item\">Infrusesa<\/a><\/li>\n<li class=\"menu-item menu-item-type-post_type menu-item-object-page menu-item-134370\"><a href=\"https:\/\/originiafoods.com\/fr\/usines\/conva\/\" class=\"elementor-item\">Conva<\/a><\/li>\n<li class=\"menu-item menu-item-type-post_type menu-item-object-page menu-item-134458\"><a href=\"https:\/\/originiafoods.com\/fr\/usines\/agrinarsa\/\" class=\"elementor-item\">Agrinarsa<\/a><\/li>\n<li class=\"menu-item menu-item-type-post_type menu-item-object-page menu-item-134459\"><a href=\"https:\/\/originiafoods.com\/fr\/usines\/delifactory\/\" class=\"elementor-item\">Delifactory<\/a><\/li>\n<li class=\"menu-item menu-item-type-post_type menu-item-object-page menu-item-134375\"><a href=\"https:\/\/originiafoods.com\/fr\/usines\/tauste-ganadera\/\" class=\"elementor-item\">Tauste Ganadera<\/a><\/li>\n<\/ul>\t\t\t<\/nav>\n\t\t\t\t\t<div class=\"elementor-menu-toggle\" role=\"button\" tabindex=\"0\" aria-label=\"Permuter le menu\" aria-expanded=\"false\">\n\t\t\t<svg aria-hidden=\"true\" role=\"presentation\" class=\"elementor-menu-toggle__icon--open e-font-icon-svg e-eicon-menu-bar\" viewBox=\"0 0 1000 1000\" xmlns=\"http:\/\/www.w3.org\/2000\/svg\"><path d=\"M104 333H896C929 333 958 304 958 271S929 208 896 208H104C71 208 42 237 42 271S71 333 104 333ZM104 583H896C929 583 958 554 958 521S929 458 896 458H104C71 458 42 487 42 521S71 583 104 583ZM104 833H896C929 833 958 804 958 771S929 708 896 708H104C71 708 42 737 42 771S71 833 104 833Z\"><\/path><\/svg><svg aria-hidden=\"true\" role=\"presentation\" class=\"elementor-menu-toggle__icon--close e-font-icon-svg e-eicon-close\" viewBox=\"0 0 1000 1000\" xmlns=\"http:\/\/www.w3.org\/2000\/svg\"><path d=\"M742 167L500 408 258 167C246 154 233 150 217 150 196 150 179 158 167 167 154 179 150 196 150 212 150 229 154 242 171 254L408 500 167 742C138 771 138 800 167 829 196 858 225 858 254 829L496 587 738 829C750 842 767 846 783 846 800 846 817 842 829 829 842 817 846 804 846 783 846 767 842 750 829 737L588 500 833 258C863 229 863 200 833 171 804 137 775 137 742 167Z\"><\/path><\/svg>\t\t<\/div>\n\t\t\t\t\t<nav class=\"elementor-nav-menu--dropdown elementor-nav-menu__container\" aria-hidden=\"true\">\n\t\t\t\t<ul id=\"menu-2-efa7441\" class=\"elementor-nav-menu\"><li class=\"menu-item menu-item-type-post_type menu-item-object-page menu-item-134374\"><a href=\"https:\/\/originiafoods.com\/fr\/usines\/saar\/\" class=\"elementor-item\" tabindex=\"-1\">Saar<\/a><\/li>\n<li class=\"menu-item menu-item-type-post_type menu-item-object-page menu-item-134460\"><a href=\"https:\/\/originiafoods.com\/fr\/usines\/infrusesa\/\" class=\"elementor-item\" tabindex=\"-1\">Infrusesa<\/a><\/li>\n<li class=\"menu-item menu-item-type-post_type menu-item-object-page menu-item-134370\"><a href=\"https:\/\/originiafoods.com\/fr\/usines\/conva\/\" class=\"elementor-item\" tabindex=\"-1\">Conva<\/a><\/li>\n<li class=\"menu-item menu-item-type-post_type menu-item-object-page menu-item-134458\"><a href=\"https:\/\/originiafoods.com\/fr\/usines\/agrinarsa\/\" class=\"elementor-item\" tabindex=\"-1\">Agrinarsa<\/a><\/li>\n<li class=\"menu-item menu-item-type-post_type menu-item-object-page menu-item-134459\"><a href=\"https:\/\/originiafoods.com\/fr\/usines\/delifactory\/\" class=\"elementor-item\" tabindex=\"-1\">Delifactory<\/a><\/li>\n<li class=\"menu-item menu-item-type-post_type menu-item-object-page menu-item-134375\"><a href=\"https:\/\/originiafoods.com\/fr\/usines\/tauste-ganadera\/\" class=\"elementor-item\" tabindex=\"-1\">Tauste Ganadera<\/a><\/li>\n<\/ul>\t\t\t<\/nav>\n\t\t\t\t\t\t<\/div>\n\t\t\t\t<\/div>\n\t\t\t\t\t<\/div>\n\t\t<\/div>\n\t\t\t\t\t<\/div>\n\t\t<\/nav>\n\t\t\t\t<\/div>\n\t\t<\/div>\n\t\t\t\t\t\t<\/div>\n\t\t\t\t<\/div>\n\t\t\t\t\t<\/div>\n\t\t<\/div>\n\t\t\t\t\t<\/div>\n\t\t<\/section>\n\t\t\t\t<section class=\"elementor-section elementor-top-section elementor-element elementor-element-87a9a40 corporativo-2column elementor-reverse-mobile elementor-section-boxed elementor-section-height-default elementor-section-height-default\" data-id=\"87a9a40\" data-element_type=\"section\" data-e-type=\"section\" data-settings=\"{&quot;animation&quot;:&quot;none&quot;,&quot;animation_delay&quot;:500}\">\n\t\t\t\t\t\t<div class=\"elementor-container elementor-column-gap-wider\">\n\t\t\t\t\t<div class=\"elementor-column elementor-col-50 elementor-top-column elementor-element elementor-element-3cfde0e\" data-id=\"3cfde0e\" data-element_type=\"column\" data-e-type=\"column\">\n\t\t\t<div class=\"elementor-widget-wrap elementor-element-populated\">\n\t\t\t\t\t\t<div class=\"elementor-element elementor-element-1481235 dce_masking-none elementor-widget elementor-widget-image\" data-id=\"1481235\" data-element_type=\"widget\" data-e-type=\"widget\" data-widget_type=\"image.default\">\n\t\t\t\t<div class=\"elementor-widget-container\">\n\t\t\t\t\t\t\t\t\t\t\t\t\t\t\t<img decoding=\"async\" src=\"https:\/\/originiafoods.com\/wp-content\/uploads\/elementor\/thumbs\/plantas-origina-pmuc92pzofmuougdovv3bq71y0tvbsj3k8490do2fc.jpg\" title=\"plantas-origina\" alt=\"Plantas de producci\u00f3n - Originia Foods\" loading=\"lazy\" \/>\t\t\t\t\t\t\t\t\t\t\t\t\t\t\t<\/div>\n\t\t\t\t<\/div>\n\t\t\t\t\t<\/div>\n\t\t<\/div>\n\t\t\t\t<div class=\"elementor-column elementor-col-50 elementor-top-column elementor-element elementor-element-5d1fe4e\" data-id=\"5d1fe4e\" data-element_type=\"column\" data-e-type=\"column\">\n\t\t\t<div class=\"elementor-widget-wrap elementor-element-populated\">\n\t\t\t\t\t\t<div class=\"elementor-element elementor-element-9f4bcd2 elementor-widget elementor-widget-heading\" data-id=\"9f4bcd2\" data-element_type=\"widget\" data-e-type=\"widget\" data-widget_type=\"heading.default\">\n\t\t\t\t<div class=\"elementor-widget-container\">\n\t\t\t\t\t<h2 class=\"elementor-heading-title elementor-size-default\">Lien avec l\u2019origine.<\/h2>\t\t\t\t<\/div>\n\t\t\t\t<\/div>\n\t\t\t\t<div data-dce-text-color=\"#697B80\" class=\"elementor-element elementor-element-1651728 elementor-widget elementor-widget-text-editor\" data-id=\"1651728\" data-element_type=\"widget\" data-e-type=\"widget\" data-widget_type=\"text-editor.default\">\n\t\t\t\t<div class=\"elementor-widget-container\">\n\t\t\t\t\t\t\t\t\t<p>Originia Foods compte 6 usines industrielles o\u00f9 nous transformons les mati\u00e8res premi\u00e8res en aliments \u00e0 haute valeur ajout\u00e9e pour nos clients. Nous produisons dans les r\u00e9gions d\u2019origine des mati\u00e8res premi\u00e8res, ce qui apporte fra\u00eecheur, disponibilit\u00e9, tra\u00e7abilit\u00e9 et s\u00e9curit\u00e9 alimentaire. Nos produits ne sont pas ultra-transform\u00e9s, nous appliquons les technologies les meilleures et les plus respectueuses pour conserver un maximum de leurs propri\u00e9t\u00e9s originales.  <\/p>\n\t\t\t\t\t\t\t\t<\/div>\n\t\t\t\t<\/div>\n\t\t\t\t\t<\/div>\n\t\t<\/div>\n\t\t\t\t\t<\/div>\n\t\t<\/section>\n\t\t<div data-dce-background-color=\"#F4F4F4\" class=\"elementor-element elementor-element-49de5f7 e-flex e-con-boxed e-con e-parent\" data-id=\"49de5f7\" data-element_type=\"container\" data-e-type=\"container\" data-settings=\"{&quot;background_background&quot;:&quot;classic&quot;}\">\n\t\t\t\t\t<div class=\"e-con-inner\">\n\t\t<div class=\"elementor-element elementor-element-a37925c e-con-full e-flex e-con e-parent\" data-id=\"a37925c\" data-element_type=\"container\" data-e-type=\"container\">\n\t\t\t\t<div data-dce-title-color=\"#00987B\" class=\"elementor-element elementor-element-26a3d7a dce_masking-none elementor-position-top elementor-widget elementor-widget-image-box\" data-id=\"26a3d7a\" data-element_type=\"widget\" data-e-type=\"widget\" data-widget_type=\"image-box.default\">\n\t\t\t\t<div class=\"elementor-widget-container\">\n\t\t\t\t\t<div class=\"elementor-image-box-wrapper\"><figure class=\"elementor-image-box-img\"><a href=\"https:\/\/originiafoods.com\/fr\/usines\/saar\/\" tabindex=\"-1\"><img fetchpriority=\"high\" decoding=\"async\" width=\"500\" height=\"864\" src=\"https:\/\/originiafoods.com\/wp-content\/uploads\/2020\/04\/intro-saar-1.jpg\" class=\"elementor-animation-shrink attachment-medium_large size-medium_large wp-image-2212\" alt=\"Saar\" srcset=\"https:\/\/originiafoods.com\/wp-content\/uploads\/2020\/04\/intro-saar-1.jpg 500w, https:\/\/originiafoods.com\/wp-content\/uploads\/2020\/04\/intro-saar-1-174x300.jpg 174w\" sizes=\"(max-width: 500px) 100vw, 500px\" \/><\/a><\/figure><div class=\"elementor-image-box-content\"><h2 class=\"elementor-image-box-title\"><a href=\"https:\/\/originiafoods.com\/fr\/usines\/saar\/\">Saar<\/a><\/h2><\/div><\/div>\t\t\t\t<\/div>\n\t\t\t\t<\/div>\n\t\t\t\t<\/div>\n\t\t<div class=\"elementor-element elementor-element-fd7e58c e-con-full e-flex e-con e-parent\" data-id=\"fd7e58c\" data-element_type=\"container\" data-e-type=\"container\">\n\t\t\t\t<div data-dce-title-color=\"#00987B\" class=\"elementor-element elementor-element-ea70fc2 dce_masking-none elementor-position-top elementor-widget elementor-widget-image-box\" data-id=\"ea70fc2\" data-element_type=\"widget\" data-e-type=\"widget\" data-widget_type=\"image-box.default\">\n\t\t\t\t<div class=\"elementor-widget-container\">\n\t\t\t\t\t<div class=\"elementor-image-box-wrapper\"><figure class=\"elementor-image-box-img\"><a href=\"https:\/\/originiafoods.com\/fr\/usines\/infrusesa\/\" tabindex=\"-1\"><img decoding=\"async\" width=\"500\" height=\"864\" src=\"https:\/\/originiafoods.com\/wp-content\/uploads\/2020\/04\/intro-infrusesa.jpg\" class=\"elementor-animation-shrink attachment-medium_large size-medium_large wp-image-2206\" alt=\"Infrusesa\" srcset=\"https:\/\/originiafoods.com\/wp-content\/uploads\/2020\/04\/intro-infrusesa.jpg 500w, https:\/\/originiafoods.com\/wp-content\/uploads\/2020\/04\/intro-infrusesa-174x300.jpg 174w\" sizes=\"(max-width: 500px) 100vw, 500px\" loading=\"lazy\" \/><\/a><\/figure><div class=\"elementor-image-box-content\"><h2 class=\"elementor-image-box-title\"><a href=\"https:\/\/originiafoods.com\/fr\/usines\/infrusesa\/\">Infrusesa<\/a><\/h2><\/div><\/div>\t\t\t\t<\/div>\n\t\t\t\t<\/div>\n\t\t\t\t<\/div>\n\t\t<div class=\"elementor-element elementor-element-4c1e69e e-con-full e-flex e-con e-parent\" data-id=\"4c1e69e\" data-element_type=\"container\" data-e-type=\"container\">\n\t\t\t\t<div data-dce-title-color=\"#00987B\" class=\"elementor-element elementor-element-055bd04 dce_masking-none elementor-position-top elementor-widget elementor-widget-image-box\" data-id=\"055bd04\" data-element_type=\"widget\" data-e-type=\"widget\" data-widget_type=\"image-box.default\">\n\t\t\t\t<div class=\"elementor-widget-container\">\n\t\t\t\t\t<div class=\"elementor-image-box-wrapper\"><figure class=\"elementor-image-box-img\"><a href=\"https:\/\/originiafoods.com\/fr\/usines\/conva\/\" tabindex=\"-1\"><img decoding=\"async\" width=\"500\" height=\"864\" src=\"https:\/\/originiafoods.com\/wp-content\/uploads\/2023\/06\/conva-intro.jpg\" class=\"elementor-animation-shrink attachment-medium_large size-medium_large wp-image-133505\" alt=\"Fabricaci\u00f3n de transformados de fruta Agrinarsa\" srcset=\"https:\/\/originiafoods.com\/wp-content\/uploads\/2023\/06\/conva-intro.jpg 500w, https:\/\/originiafoods.com\/wp-content\/uploads\/2023\/06\/conva-intro-174x300.jpg 174w\" sizes=\"(max-width: 500px) 100vw, 500px\" loading=\"lazy\" \/><\/a><\/figure><div class=\"elementor-image-box-content\"><h2 class=\"elementor-image-box-title\"><a href=\"https:\/\/originiafoods.com\/fr\/usines\/conva\/\">Conva<\/a><\/h2><\/div><\/div>\t\t\t\t<\/div>\n\t\t\t\t<\/div>\n\t\t\t\t<\/div>\n\t\t<div class=\"elementor-element elementor-element-97e3e23 e-con-full e-flex e-con e-parent\" data-id=\"97e3e23\" data-element_type=\"container\" data-e-type=\"container\">\n\t\t\t\t<div data-dce-title-color=\"#00987B\" class=\"elementor-element elementor-element-fa7245b dce_masking-none elementor-position-top elementor-widget elementor-widget-image-box\" data-id=\"fa7245b\" data-element_type=\"widget\" data-e-type=\"widget\" data-widget_type=\"image-box.default\">\n\t\t\t\t<div class=\"elementor-widget-container\">\n\t\t\t\t\t<div class=\"elementor-image-box-wrapper\"><figure class=\"elementor-image-box-img\"><a href=\"https:\/\/originiafoods.com\/fr\/usines\/agrinarsa\/\" tabindex=\"-1\"><img loading=\"lazy\" decoding=\"async\" width=\"439\" height=\"758\" src=\"https:\/\/originiafoods.com\/wp-content\/uploads\/2020\/04\/intro-agrinarsa-2-2.jpg\" class=\"elementor-animation-shrink attachment-medium_large size-medium_large wp-image-2200\" alt=\"Agrinarsa\" srcset=\"https:\/\/originiafoods.com\/wp-content\/uploads\/2020\/04\/intro-agrinarsa-2-2.jpg 439w, https:\/\/originiafoods.com\/wp-content\/uploads\/2020\/04\/intro-agrinarsa-2-2-174x300.jpg 174w\" sizes=\"(max-width: 439px) 100vw, 439px\" \/><\/a><\/figure><div class=\"elementor-image-box-content\"><h2 class=\"elementor-image-box-title\"><a href=\"https:\/\/originiafoods.com\/fr\/usines\/agrinarsa\/\">Agrinarsa<\/a><\/h2><\/div><\/div>\t\t\t\t<\/div>\n\t\t\t\t<\/div>\n\t\t\t\t<\/div>\n\t\t<div class=\"elementor-element elementor-element-23284d4 e-con-full e-flex e-con e-parent\" data-id=\"23284d4\" data-element_type=\"container\" data-e-type=\"container\">\n\t\t\t\t<div data-dce-title-color=\"#00987B\" class=\"elementor-element elementor-element-35282d5 dce_masking-none elementor-position-top elementor-widget elementor-widget-image-box\" data-id=\"35282d5\" data-element_type=\"widget\" data-e-type=\"widget\" data-widget_type=\"image-box.default\">\n\t\t\t\t<div class=\"elementor-widget-container\">\n\t\t\t\t\t<div class=\"elementor-image-box-wrapper\"><figure class=\"elementor-image-box-img\"><a href=\"https:\/\/originiafoods.com\/plantas\/delifactory-2\/\" tabindex=\"-1\"><img loading=\"lazy\" decoding=\"async\" width=\"500\" height=\"864\" src=\"https:\/\/originiafoods.com\/wp-content\/uploads\/2020\/04\/intro-delifactory.jpg\" class=\"elementor-animation-shrink attachment-medium_large size-medium_large wp-image-3134\" alt=\"Delifactory\" srcset=\"https:\/\/originiafoods.com\/wp-content\/uploads\/2020\/04\/intro-delifactory.jpg 500w, https:\/\/originiafoods.com\/wp-content\/uploads\/2020\/04\/intro-delifactory-174x300.jpg 174w\" sizes=\"(max-width: 500px) 100vw, 500px\" \/><\/a><\/figure><div class=\"elementor-image-box-content\"><h2 class=\"elementor-image-box-title\"><a href=\"https:\/\/originiafoods.com\/plantas\/delifactory-2\/\">Delifactory<\/a><\/h2><\/div><\/div>\t\t\t\t<\/div>\n\t\t\t\t<\/div>\n\t\t\t\t<\/div>\n\t\t<div class=\"elementor-element elementor-element-9e227a8 e-con-full e-flex e-con e-parent\" data-id=\"9e227a8\" data-element_type=\"container\" data-e-type=\"container\">\n\t\t\t\t<div data-dce-title-color=\"#00987B\" class=\"elementor-element elementor-element-33f975b dce_masking-none elementor-position-top elementor-widget elementor-widget-image-box\" data-id=\"33f975b\" data-element_type=\"widget\" data-e-type=\"widget\" data-widget_type=\"image-box.default\">\n\t\t\t\t<div class=\"elementor-widget-container\">\n\t\t\t\t\t<div class=\"elementor-image-box-wrapper\"><figure class=\"elementor-image-box-img\"><a href=\"https:\/\/originiafoods.com\/fr\/usines\/tauste-ganadera\/\" tabindex=\"-1\"><img loading=\"lazy\" decoding=\"async\" width=\"500\" height=\"864\" src=\"https:\/\/originiafoods.com\/wp-content\/uploads\/2020\/04\/intro-tauste-b.jpg\" class=\"elementor-animation-shrink attachment-medium_large size-medium_large wp-image-2215\" alt=\"Tauste Ganadera\" srcset=\"https:\/\/originiafoods.com\/wp-content\/uploads\/2020\/04\/intro-tauste-b.jpg 500w, https:\/\/originiafoods.com\/wp-content\/uploads\/2020\/04\/intro-tauste-b-174x300.jpg 174w\" sizes=\"(max-width: 500px) 100vw, 500px\" \/><\/a><\/figure><div class=\"elementor-image-box-content\"><h2 class=\"elementor-image-box-title\"><a href=\"https:\/\/originiafoods.com\/fr\/usines\/tauste-ganadera\/\">Tauste Ganadera<\/a><\/h2><\/div><\/div>\t\t\t\t<\/div>\n\t\t\t\t<\/div>\n\t\t\t\t<\/div>\n\t\t\t\t\t<\/div>\n\t\t\t\t<\/div>\n\t\t\t\t<\/div>\n\t\t","protected":false},"excerpt":{"rendered":"<p>Sobre nosotros Saar Infrusesa Conva Agrinarsa Delifactory Tauste Ganadera<\/p>\n","protected":false},"author":2,"featured_media":0,"parent":0,"menu_order":0,"comment_status":"closed","ping_status":"closed","template":"","meta":{"_acf_changed":false,"footnotes":""},"class_list":["post-5126","page","type-page","status-publish","hentry"],"acf":[],"_links":{"self":[{"href":"https:\/\/originiafoods.com\/fr\/wp-json\/wp\/v2\/pages\/5126","targetHints":{"allow":["GET"]}}],"collection":[{"href":"https:\/\/originiafoods.com\/fr\/wp-json\/wp\/v2\/pages"}],"about":[{"href":"https:\/\/originiafoods.com\/fr\/wp-json\/wp\/v2\/types\/page"}],"author":[{"embeddable":true,"href":"https:\/\/originiafoods.com\/fr\/wp-json\/wp\/v2\/users\/2"}],"replies":[{"embeddable":true,"href":"https:\/\/originiafoods.com\/fr\/wp-json\/wp\/v2\/comments?post=5126"}],"version-history":[{"count":0,"href":"https:\/\/originiafoods.com\/fr\/wp-json\/wp\/v2\/pages\/5126\/revisions"}],"wp:attachment":[{"href":"https:\/\/originiafoods.com\/fr\/wp-json\/wp\/v2\/media?parent=5126"}],"curies":[{"name":"wp","href":"https:\/\/api.w.org\/{rel}","templated":true}]}}