{"id":5504,"date":"2020-04-03T08:46:16","date_gmt":"2020-04-03T07:46:16","guid":{"rendered":"https:\/\/originiafoods.com\/politica-de-cookies\/"},"modified":"2025-10-13T09:40:44","modified_gmt":"2025-10-13T08:40:44","slug":"politique-de-cookies","status":"publish","type":"page","link":"https:\/\/originiafoods.com\/fr\/politique-de-cookies\/","title":{"rendered":"Politique de cookies"},"content":{"rendered":"\t\t<div data-elementor-type=\"wp-page\" data-elementor-id=\"5504\" class=\"elementor elementor-5504 elementor-1126\" data-elementor-post-type=\"page\">\n\t\t\t\t\t\t<section class=\"elementor-section elementor-top-section elementor-element elementor-element-a029c1a elementor-section-boxed elementor-section-height-default elementor-section-height-default\" data-id=\"a029c1a\" data-element_type=\"section\" data-e-type=\"section\">\n\t\t\t\t\t\t<div class=\"elementor-container elementor-column-gap-default\">\n\t\t\t\t\t<div class=\"elementor-column elementor-col-100 elementor-top-column elementor-element elementor-element-176a24b\" data-id=\"176a24b\" data-element_type=\"column\" data-e-type=\"column\">\n\t\t\t<div class=\"elementor-widget-wrap elementor-element-populated\">\n\t\t\t\t\t\t<div data-dce-text-color=\"#697B80\" class=\"elementor-element elementor-element-b6811e0 elementor-widget elementor-widget-text-editor\" data-id=\"b6811e0\" data-element_type=\"widget\" data-e-type=\"widget\" data-widget_type=\"text-editor.default\">\n\t\t\t\t<div class=\"elementor-widget-container\">\n\t\t\t\t\t\t\t\t\t<h1>Politique de cookies<\/h1>\n<p>Cette page Web que vous visitez appartient \u00e0 GRUPO SAMCA qui a une politique d&rsquo;utilisation des cookies commune \u00e0 toutes ses soci\u00e9t\u00e9s. Les cookies sont des dispositifs de stockage et de r\u00e9cup\u00e9ration de donn\u00e9es qui jouent un r\u00f4le essentiel dans la fourniture de nombreux services de la soci\u00e9t\u00e9 de l&rsquo;information, facilitent la navigation des utilisateurs et proposent une publicit\u00e9 bas\u00e9e sur les habitudes de navigation. Ces types de fichiers sont t\u00e9l\u00e9charg\u00e9s sur l&rsquo;ordinateur, le smartphone ou la tablette de l&rsquo;utilisateur lors de l&rsquo;acc\u00e8s \u00e0 certaines pages Web pour stocker et r\u00e9cup\u00e9rer des informations sur la navigation effectu\u00e9e \u00e0 partir dudit \u00e9quipement. Gr\u00e2ce \u00e0 l&rsquo;utilisation de dispositifs de stockage et de r\u00e9cup\u00e9ration de donn\u00e9es (cookies et autres), les prestataires de services obtiennent des donn\u00e9es relatives aux utilisateurs qui peuvent ensuite \u00eatre utilis\u00e9es:   <\/p>\n<ul>\n<li>Pour la prestation de services sp\u00e9cifiques,<\/li>\n<li>Pour diffuser de la publicit\u00e9 ou<\/li>\n<li>Comme base pour le d\u00e9veloppement d&rsquo;am\u00e9liorations ou de nouveaux produits et services parfois gratuits.<\/li>\n<\/ul>\n<p>Certains de nos sites utilisent leurs propres cookies et ceux de tiers pour am\u00e9liorer nos services en analysant leurs habitudes de navigation. Si vous continuez \u00e0 surfer, nous consid\u00e9rerons que vous acceptez son utilisation. Vous pouvez modifier les param\u00e8tres en emp\u00eachant leur utilisation, mais vous ne pourrez peut-\u00eatre pas acc\u00e9der \u00e0 certaines sections si vous les d\u00e9sactivez.<\/p>\n<p>Les cookies utilis\u00e9s sur nos pages ont \u00e9t\u00e9 class\u00e9s selon les directives du \u00ab\u00a0Guide d&rsquo;utilisation des cookies\u00a0\u00bb publi\u00e9 par l&rsquo;Agence espagnole de protection des donn\u00e9es. GRUPO SAMCA utilise les cat\u00e9gories de cookies suivantes sur ce site:<\/p>\n<ol>\n<li>Celles strictement n\u00e9cessaires \u00e0 la fourniture de certains services express\u00e9ment demand\u00e9s par l&rsquo;utilisateur.<\/li>\n<li>Cookies analytiques qui, trait\u00e9s par nous ou par des tiers, nous permettent de quantifier le nombre d&rsquo;utilisateurs et ainsi de r\u00e9aliser des mesures statistiques et une analyse de l&rsquo;utilisation faite par les utilisateurs du service propos\u00e9. Pour cela, votre navigation sur notre site est analys\u00e9e afin d&rsquo;am\u00e9liorer l&rsquo;offre de produits ou services que nous vous proposons.<\/li>\n<li>Cookies de session: ce sont des cookies con\u00e7us pour collecter et stocker des donn\u00e9es pendant que l&rsquo;utilisateur acc\u00e8de \u00e0 une page Web.<\/li>\n<li>Cookies techniques: ils permettent \u00e0 l&rsquo;utilisateur de naviguer sur une page Web, une plate-forme ou une application et d&rsquo;utiliser les diff\u00e9rentes options ou services qui y existent. Caract\u00e9ristiques des diff\u00e9rents types de cookies.<\/li>\n<\/ol>\n<h2>Cookies propres<\/h2>\n<p>Ils sont envoy\u00e9s \u00e0 l&rsquo;\u00e9quipement terminal de l&rsquo;utilisateur \u00e0 partir d&rsquo;un ordinateur ou d&rsquo;un domaine g\u00e9r\u00e9 par l&rsquo;\u00e9diteur lui-m\u00eame et \u00e0 partir duquel le service demand\u00e9 par l&rsquo;utilisateur est fourni. Cookies tiers. Ils sont envoy\u00e9s \u00e0 l&rsquo;\u00e9quipement terminal de l&rsquo;utilisateur depuis un ordinateur ou un domaine qui n&rsquo;est pas g\u00e9r\u00e9 par l&rsquo;\u00e9diteur, mais par une autre entit\u00e9 qui traite les donn\u00e9es obtenues via les cookies.<\/p>\n<h2>Cookies de session<\/h2>\n<p>Ce sont des cookies con\u00e7us pour collecter et stocker des donn\u00e9es pendant que l&rsquo;utilisateur acc\u00e8de \u00e0 une page Web.<\/p>\n<h2>Cookies techniques<\/h2>\n<p>Ils permettent \u00e0 l&rsquo;utilisateur de naviguer sur une page Web, une plate-forme ou une application et d&rsquo;utiliser les diff\u00e9rentes options ou services qui y existent.<\/p>\n<h2>Cookies d&rsquo;analyse<\/h2>\n<p>Bien trait\u00e9s par nous ou par des tiers, ils permettent \u00e0 la personne qui en est responsable de surveiller et d&rsquo;analyser le comportement des utilisateurs des sites Internet auxquels ils sont li\u00e9s.<\/p>\n\t\t\t\t\t\t\t\t<\/div>\n\t\t\t\t<\/div>\n\t\t\t\t\t<\/div>\n\t\t<\/div>\n\t\t\t\t\t<\/div>\n\t\t<\/section>\n\t\t\t\t<\/div>\n\t\t","protected":false},"excerpt":{"rendered":"<p>Politique de cookies Cette page Web que vous visitez appartient \u00e0 GRUPO SAMCA qui a une politique d&rsquo;utilisation des cookies commune \u00e0 toutes ses soci\u00e9t\u00e9s. Les cookies sont des dispositifs de stockage et de r\u00e9cup\u00e9ration de donn\u00e9es qui jouent un r\u00f4le essentiel dans la fourniture de nombreux services de la soci\u00e9t\u00e9 de l&rsquo;information, facilitent la [&hellip;]<\/p>\n","protected":false},"author":2,"featured_media":0,"parent":0,"menu_order":0,"comment_status":"closed","ping_status":"closed","template":"","meta":{"_acf_changed":false,"footnotes":""},"class_list":["post-5504","page","type-page","status-publish","hentry"],"acf":[],"_links":{"self":[{"href":"https:\/\/originiafoods.com\/fr\/wp-json\/wp\/v2\/pages\/5504","targetHints":{"allow":["GET"]}}],"collection":[{"href":"https:\/\/originiafoods.com\/fr\/wp-json\/wp\/v2\/pages"}],"about":[{"href":"https:\/\/originiafoods.com\/fr\/wp-json\/wp\/v2\/types\/page"}],"author":[{"embeddable":true,"href":"https:\/\/originiafoods.com\/fr\/wp-json\/wp\/v2\/users\/2"}],"replies":[{"embeddable":true,"href":"https:\/\/originiafoods.com\/fr\/wp-json\/wp\/v2\/comments?post=5504"}],"version-history":[{"count":0,"href":"https:\/\/originiafoods.com\/fr\/wp-json\/wp\/v2\/pages\/5504\/revisions"}],"wp:attachment":[{"href":"https:\/\/originiafoods.com\/fr\/wp-json\/wp\/v2\/media?parent=5504"}],"curies":[{"name":"wp","href":"https:\/\/api.w.org\/{rel}","templated":true}]}}