{"id":5506,"date":"2020-04-03T09:03:16","date_gmt":"2020-04-03T08:03:16","guid":{"rendered":"https:\/\/originiafoods.com\/politica-de-privacidad\/"},"modified":"2025-10-13T09:40:33","modified_gmt":"2025-10-13T08:40:33","slug":"politique-de-confidentialite","status":"publish","type":"page","link":"https:\/\/originiafoods.com\/fr\/politique-de-confidentialite\/","title":{"rendered":"Politique de confidentialit\u00e9"},"content":{"rendered":"\t\t<div data-elementor-type=\"wp-page\" data-elementor-id=\"5506\" class=\"elementor elementor-5506 elementor-1128\" data-elementor-post-type=\"page\">\n\t\t\t\t\t\t<section class=\"elementor-section elementor-top-section elementor-element elementor-element-95b0fb4 elementor-section-boxed elementor-section-height-default elementor-section-height-default\" data-id=\"95b0fb4\" data-element_type=\"section\" data-e-type=\"section\">\n\t\t\t\t\t\t<div class=\"elementor-container elementor-column-gap-default\">\n\t\t\t\t\t<div class=\"elementor-column elementor-col-100 elementor-top-column elementor-element elementor-element-0447b48\" data-id=\"0447b48\" data-element_type=\"column\" data-e-type=\"column\">\n\t\t\t<div class=\"elementor-widget-wrap elementor-element-populated\">\n\t\t\t\t\t\t<div data-dce-text-color=\"#697B80\" class=\"elementor-element elementor-element-d36fd68 elementor-widget elementor-widget-text-editor\" data-id=\"d36fd68\" data-element_type=\"widget\" data-e-type=\"widget\" data-widget_type=\"text-editor.default\">\n\t\t\t\t<div class=\"elementor-widget-container\">\n\t\t\t\t\t\t\t\t\t<h1>Information l\u00e9gale<\/h1>\n<h2><strong>Propri\u00e9t\u00e9 intellectuelle<\/strong><\/h2>\n<p>SAMCA est propri\u00e9taire de toutes les informations, documentation et \/ ou mat\u00e9riel publi\u00e9s sur ce site. Toute reproduction, retransmission, publication et \/ ou toute utilisation de tout et \/ ou d&rsquo;une partie de la documentation publi\u00e9e sur ce site est express\u00e9ment interdite, sauf autorisation \u00e9crite expresse pr\u00e9alable de SAMCA. L&rsquo;utilisation de noms, logos et \/ ou Les marques d\u00e9pos\u00e9es SAMCA qui apparaissent sur ce site Web sont express\u00e9ment interdites, sauf autorisation \u00e9crite expresse pr\u00e9alable de SAMCA. <\/p>\n<h2><strong>D\u00e9claration de confidentialit\u00e9<\/strong><\/h2>\n<p>Conform\u00e9ment \u00e0 la LOPD 15\/1999 et \u00e0 la LSSI-CE 34\/2002, le destinataire de cet email est INFORM\u00c9 que les donn\u00e9es personnelles qu&rsquo;il fournit lui-m\u00eame, y compris son email, et qui sont n\u00e9cessaires pour la formalisation, la gestion administrative ainsi que l&rsquo;ex\u00e9cution et le d\u00e9veloppement de l&rsquo;activit\u00e9 informative de SAMCA, seront incorpor\u00e9s dans un fichier automatis\u00e9 dont la propri\u00e9t\u00e9 et la responsabilit\u00e9 sont d\u00e9tenues par SAMCA Lorsque l&rsquo;int\u00e9ress\u00e9 soumet ses donn\u00e9es personnelles et son courrier \u00e9lectronique \u00e0 SAMCA, AUTORISE express\u00e9ment l&rsquo;utilisation de ces donn\u00e9es \u00e0 des fins de communications p\u00e9riodiques, y compris express\u00e9ment celles faites par e-mail, que SAMCA r\u00e9alise avec ses clients et autres parties int\u00e9ress\u00e9es \u00e9ventuelles en les informant de ses activit\u00e9s \/ actualit\u00e9s, cours, programmes ainsi que de toute offre de services et produits li\u00e9s \u00e0 l&rsquo;activit\u00e9 qui a lieu. L&rsquo;int\u00e9ress\u00e9 peut exercer ses droits d&rsquo;acc\u00e8s, de rectification, d&rsquo;annulation et d&rsquo;opposition concernant ses donn\u00e9es en envoyant un e-mail \u00e0 l&rsquo;adresse e-mail suivante <a href=\"mailto:samca@samca.com\">samca@samca.com<\/a> demandant, le cas \u00e9ch\u00e9ant,  (i) vous faire envoyer vos donn\u00e9es personnelles dans les fichiers SAMCA \u00e0 des fins de consultation ou de rectification \u00e9ventuelle, ou (ii) que l&rsquo;autorisation de recevoir des communications soit annul\u00e9e et \/ ou r\u00e9voqu\u00e9e, SAMCA doit notifier la rectification et \/ ou l&rsquo;annulation effective des donn\u00e9es personnelles de son fichier.<\/p>\n\t\t\t\t\t\t\t\t<\/div>\n\t\t\t\t<\/div>\n\t\t\t\t\t<\/div>\n\t\t<\/div>\n\t\t\t\t\t<\/div>\n\t\t<\/section>\n\t\t\t\t<\/div>\n\t\t","protected":false},"excerpt":{"rendered":"<p>Information l\u00e9gale Propri\u00e9t\u00e9 intellectuelle SAMCA est propri\u00e9taire de toutes les informations, documentation et \/ ou mat\u00e9riel publi\u00e9s sur ce site. Toute reproduction, retransmission, publication et \/ ou toute utilisation de tout et \/ ou d&rsquo;une partie de la documentation publi\u00e9e sur ce site est express\u00e9ment interdite, sauf autorisation \u00e9crite expresse pr\u00e9alable de SAMCA. L&rsquo;utilisation de [&hellip;]<\/p>\n","protected":false},"author":2,"featured_media":0,"parent":0,"menu_order":0,"comment_status":"closed","ping_status":"closed","template":"","meta":{"_acf_changed":false,"footnotes":""},"class_list":["post-5506","page","type-page","status-publish","hentry"],"acf":[],"_links":{"self":[{"href":"https:\/\/originiafoods.com\/fr\/wp-json\/wp\/v2\/pages\/5506","targetHints":{"allow":["GET"]}}],"collection":[{"href":"https:\/\/originiafoods.com\/fr\/wp-json\/wp\/v2\/pages"}],"about":[{"href":"https:\/\/originiafoods.com\/fr\/wp-json\/wp\/v2\/types\/page"}],"author":[{"embeddable":true,"href":"https:\/\/originiafoods.com\/fr\/wp-json\/wp\/v2\/users\/2"}],"replies":[{"embeddable":true,"href":"https:\/\/originiafoods.com\/fr\/wp-json\/wp\/v2\/comments?post=5506"}],"version-history":[{"count":0,"href":"https:\/\/originiafoods.com\/fr\/wp-json\/wp\/v2\/pages\/5506\/revisions"}],"wp:attachment":[{"href":"https:\/\/originiafoods.com\/fr\/wp-json\/wp\/v2\/media?parent=5506"}],"curies":[{"name":"wp","href":"https:\/\/api.w.org\/{rel}","templated":true}]}}